{"id":628,"date":"2026-04-24T07:41:01","date_gmt":"2026-04-24T07:41:01","guid":{"rendered":"https:\/\/architecturepaysage.education\/?page_id=628"},"modified":"2026-04-27T14:15:20","modified_gmt":"2026-04-27T14:15:20","slug":"actualites","status":"publish","type":"page","link":"https:\/\/architecturepaysage.education\/index.php\/actualites\/","title":{"rendered":"Actualit\u00e9s"},"content":{"rendered":"\t\t<div data-elementor-type=\"wp-page\" data-elementor-id=\"628\" class=\"elementor elementor-628\">\n\t\t\t\t<div class=\"elementor-element elementor-element-0b7a786 e-flex e-con-boxed e-con e-parent\" data-id=\"0b7a786\" data-element_type=\"container\" data-e-type=\"container\">\n\t\t\t\t\t<div class=\"e-con-inner\">\n\t\t\t\t<div class=\"elementor-element elementor-element-acdfa17 elementor-widget elementor-widget-image\" data-id=\"acdfa17\" data-element_type=\"widget\" data-e-type=\"widget\" data-widget_type=\"image.default\">\n\t\t\t\t\t\t\t\t\t\t\t\t\t\t\t<img fetchpriority=\"high\" decoding=\"async\" width=\"768\" height=\"768\" src=\"https:\/\/architecturepaysage.education\/wp-content\/uploads\/2026\/04\/TAP_recrutement-768x768.jpg\" class=\"attachment-medium_large size-medium_large wp-image-630\" alt=\"\" srcset=\"https:\/\/architecturepaysage.education\/wp-content\/uploads\/2026\/04\/TAP_recrutement-768x768.jpg 768w, https:\/\/architecturepaysage.education\/wp-content\/uploads\/2026\/04\/TAP_recrutement-300x300.jpg 300w, https:\/\/architecturepaysage.education\/wp-content\/uploads\/2026\/04\/TAP_recrutement-1024x1024.jpg 1024w, https:\/\/architecturepaysage.education\/wp-content\/uploads\/2026\/04\/TAP_recrutement-150x150.jpg 150w, https:\/\/architecturepaysage.education\/wp-content\/uploads\/2026\/04\/TAP_recrutement-600x600.jpg 600w, https:\/\/architecturepaysage.education\/wp-content\/uploads\/2026\/04\/TAP_recrutement.jpg 1080w\" sizes=\"(max-width: 768px) 100vw, 768px\" \/>\t\t\t\t\t\t\t\t\t\t\t\t\t\t\t<\/div>\n\t\t\t\t<div class=\"elementor-element elementor-element-a37e3e0 elementor-widget elementor-widget-text-editor\" data-id=\"a37e3e0\" data-element_type=\"widget\" data-e-type=\"widget\" data-widget_type=\"text-editor.default\">\n\t\t\t\t\t\t\t\t\t<p><span class=\"break-words tvm-parent-container\"><span dir=\"ltr\"><em>23 avril 2026<\/em><strong> | Le Projet Transitions Architecture paysage &#8211; TAP recrute !<\/strong><\/span><\/span><\/p><ul><li><a href=\"https:\/\/choisirleservicepublic.gouv.fr\/offre-emploi\/chef-de-projet--reference-2026-2250489\/\"><span class=\"break-words tvm-parent-container\"><span dir=\"ltr\">\ud835\udde8\ud835\uddfb\ud835\uddf2 \ud835\uddfc\ud835\ude02 \ud835\ude02\ud835\uddfb \ud835\uddfd\ud835\uddf6\ud835\uddf9\ud835\uddfc\ud835\ude01\ud835\uddf2 \ud835\uddf1\ud835\uddf2 \ud835\udde3\ud835\uddff\ud835\uddfc\ud835\uddf7\ud835\uddf2\ud835\ude01 <\/span><\/span><\/a><br \/><span data-teams=\"true\">Assurer le pilotage strat\u00e9gique, op\u00e9rationnel, administratif et partenarial du projet TAP afin de garantir l\u2019atteinte des objectifs du programme, la conformit\u00e9 aux exigences ANR et France 2030, la coordination efficace du consortium national.<\/span><\/li><li><span class=\"break-words tvm-parent-container\"><span dir=\"ltr\"><a href=\"https:\/\/choisirleservicepublic.gouv.fr\/offre-emploi\/assistant-administratif--reference-2026-2261199\/\">\ud835\udde8\ud835\uddfb\ud835\uddf2 \ud835\uddfc\ud835\ude02 \ud835\ude02\ud835\uddfb \ud835\uddee\ud835\ude00\ud835\ude00\ud835\uddf6\ud835\ude00\ud835\ude01\ud835\uddee\ud835\uddfb\ud835\ude01 \ud835\uddee\ud835\uddf1\ud835\uddfa\ud835\uddf6\ud835\uddfb\ud835\uddf6\ud835\ude00\ud835\ude01\ud835\uddff\ud835\uddee\ud835\ude01\ud835\uddf6\ud835\uddf3<\/a><br \/><span data-teams=\"true\">Assurer le support administratif, organisationnel du service au sein d\u2019une \u00e9quipe de 5 personnes, assistance du pilote de projet TAP dans la gestion quotidienne administrative et financi\u00e8re et contribution\u00a0 \u00e0 la coordination des partenaires.<\/span><br \/><\/span><\/span><\/li><li><span class=\"break-words tvm-parent-container\"><span class=\"break-words tvm-parent-container\"><span class=\"break-words tvm-parent-container\"><span class=\"break-words tvm-parent-container\"><span dir=\"ltr\"><a href=\"https:\/\/choisirleservicepublic.gouv.fr\/nos-offres\/filtres\/mot-cles\/ensa\/localisation\/199\/organisme\/2\/\">\ud835\udfef \ud835\uddf6\ud835\uddfb\ud835\uddf4<strong>\u00e9<\/strong>\ud835\uddfb\ud835\uddf6\ud835\uddf2\ud835\ude02\ud835\uddff\ud835\ude00 \ud835\uddfd\u00e9\ud835\uddf1\ud835\uddee\ud835\uddf4\ud835\uddfc\ud835\uddf4\ud835\uddf6\ud835\uddfe\ud835\ude02\ud835\uddf2\ud835\ude00<\/a><br \/><span data-teams=\"true\">Contribuer \u00e0 l\u2019\u00e9volution des maquettes p\u00e9dagogiques (accr\u00e9ditations, HCERES), identifier les \u00e9carts entre formations existantes et la matrice de comp\u00e9tences et contribution \u00e0 la structuration de nouvelles offres de formation, accompagnement \u00e0 la transformation des pratiques p\u00e9dagogiques, sc\u00e9narisation de modules, r\u00e9daction de matrices p\u00e9dagogiques et r\u00e9f\u00e9rentiels de comp\u00e9tences&#8230;<\/span><\/span><\/span><\/span><\/span><\/span><p>\ud835\ude3f\ud835\ude56\ud835\ude69\ud835\ude5a \ud835\ude61\ud835\ude5e\ud835\ude62\ud835\ude5e\ud835\ude69\ud835\ude5a \ud835\ude59\ud835\ude5a \ud835\ude58\ud835\ude56\ud835\ude63\ud835\ude59\ud835\ude5e\ud835\ude59\ud835\ude56\ud835\ude69\ud835\ude6a\ud835\ude67\ud835\ude5a : \ud835\udfee\ud835\udfef\/\ud835\udfec\ud835\udff1\/\ud835\udfee\ud835\udfec\ud835\udfee\ud835\udff2<br \/>Les candidatures sont \u00e0 d\u00e9poser via la plateforme <a href=\"https:\/\/choisirleservicepublic.gouv.fr\/nos-offres\/filtres\/mot-cles\/ensa\/localisation\/199\/organisme\/2\/\">Choisir le service public<\/a> <br \/>&#8211; T\u00e9l\u00e9travail possible selon poste<br \/>&#8211; Postes contractuels \u00e0 pourvoir pour une dur\u00e9e de 3 ans.<br \/>&#8211; L\u2019\u00e9tablissement recruteur est l&rsquo;<a class=\"xwxVfcRwnBUeGipgoiZPeKPJMrvzgAVqE \" tabindex=\"0\" href=\"https:\/\/ensa-normandie.fr\/\" target=\"_self\" data-test-app-aware-link=\"\">ENSA Normandie<\/a>, chef de file national d\u2019un consortium r\u00e9unissant plus de 20 partenaires acad\u00e9miques et institutionnels qui porte le projet <a class=\"xwxVfcRwnBUeGipgoiZPeKPJMrvzgAVqE \" tabindex=\"0\" href=\"https:\/\/architecturepaysage.education\/\" target=\"_self\" data-test-app-aware-link=\"\">Transitions Architecture paysage &#8211; TAP<\/a>. \u00c0 ce titre, il assure :<br \/>\u2022 la coordination scientifique et op\u00e9rationnelle,<br \/>\u2022 le pilotage administratif et financier,<br \/>\u2022 le reporting national aupr\u00e8s de l\u2019ANR,<br \/>\u2022 l\u2019animation du consortium.<br \/>Le poste vise \u00e0 garantir la mise en \u0153uvre op\u00e9rationnelle et la s\u00e9curisation du projet.<\/p><\/li><\/ul>\t\t\t\t\t\t\t\t<\/div>\n\t\t\t\t\t<\/div>\n\t\t\t\t<\/div>\n\t\t<div class=\"elementor-element elementor-element-25a4257 e-flex e-con-boxed e-con e-parent\" data-id=\"25a4257\" data-element_type=\"container\" data-e-type=\"container\">\n\t\t\t\t\t<div class=\"e-con-inner\">\n\t\t\t\t\t<\/div>\n\t\t\t\t<\/div>\n\t\t\t\t<\/div>\n\t\t","protected":false},"excerpt":{"rendered":"<p>23 avril 2026 | Le Projet Transitions Architecture paysage &#8211; TAP recrute ! \ud835\udde8\ud835\uddfb\ud835\uddf2 \ud835\uddfc\ud835\ude02 \ud835\ude02\ud835\uddfb \ud835\uddfd\ud835\uddf6\ud835\uddf9\ud835\uddfc\ud835\ude01\ud835\uddf2 \ud835\uddf1\ud835\uddf2 \ud835\udde3\ud835\uddff\ud835\uddfc\ud835\uddf7\ud835\uddf2\ud835\ude01 Assurer le pilotage strat\u00e9gique, op\u00e9rationnel, administratif et partenarial du projet TAP afin de garantir l\u2019atteinte des objectifs du programme, la conformit\u00e9 aux exigences ANR et France 2030, la coordination efficace du consortium national. \ud835\udde8\ud835\uddfb\ud835\uddf2 \ud835\uddfc\ud835\ude02 \ud835\ude02\ud835\uddfb [&hellip;]<\/p>\n","protected":false},"author":1,"featured_media":0,"parent":0,"menu_order":0,"comment_status":"closed","ping_status":"closed","template":"","meta":{"ocean_post_layout":"","ocean_both_sidebars_style":"","ocean_both_sidebars_content_width":0,"ocean_both_sidebars_sidebars_width":0,"ocean_sidebar":"","ocean_second_sidebar":"","ocean_disable_margins":"enable","ocean_add_body_class":"","ocean_shortcode_before_top_bar":"","ocean_shortcode_after_top_bar":"","ocean_shortcode_before_header":"","ocean_shortcode_after_header":"","ocean_has_shortcode":"","ocean_shortcode_after_title":"","ocean_shortcode_before_footer_widgets":"","ocean_shortcode_after_footer_widgets":"","ocean_shortcode_before_footer_bottom":"","ocean_shortcode_after_footer_bottom":"","ocean_display_top_bar":"default","ocean_display_header":"default","ocean_header_style":"","ocean_center_header_left_menu":"","ocean_custom_header_template":"","ocean_custom_logo":0,"ocean_custom_retina_logo":0,"ocean_custom_logo_max_width":0,"ocean_custom_logo_tablet_max_width":0,"ocean_custom_logo_mobile_max_width":0,"ocean_custom_logo_max_height":0,"ocean_custom_logo_tablet_max_height":0,"ocean_custom_logo_mobile_max_height":0,"ocean_header_custom_menu":"","ocean_menu_typo_font_family":"","ocean_menu_typo_font_subset":"","ocean_menu_typo_font_size":0,"ocean_menu_typo_font_size_tablet":0,"ocean_menu_typo_font_size_mobile":0,"ocean_menu_typo_font_size_unit":"px","ocean_menu_typo_font_weight":"","ocean_menu_typo_font_weight_tablet":"","ocean_menu_typo_font_weight_mobile":"","ocean_menu_typo_transform":"","ocean_menu_typo_transform_tablet":"","ocean_menu_typo_transform_mobile":"","ocean_menu_typo_line_height":0,"ocean_menu_typo_line_height_tablet":0,"ocean_menu_typo_line_height_mobile":0,"ocean_menu_typo_line_height_unit":"","ocean_menu_typo_spacing":0,"ocean_menu_typo_spacing_tablet":0,"ocean_menu_typo_spacing_mobile":0,"ocean_menu_typo_spacing_unit":"","ocean_menu_link_color":"","ocean_menu_link_color_hover":"","ocean_menu_link_color_active":"","ocean_menu_link_background":"","ocean_menu_link_hover_background":"","ocean_menu_link_active_background":"","ocean_menu_social_links_bg":"","ocean_menu_social_hover_links_bg":"","ocean_menu_social_links_color":"","ocean_menu_social_hover_links_color":"","ocean_disable_title":"on","ocean_disable_heading":"default","ocean_post_title":"","ocean_post_subheading":"","ocean_post_title_style":"","ocean_post_title_background_color":"","ocean_post_title_background":0,"ocean_post_title_bg_image_position":"","ocean_post_title_bg_image_attachment":"","ocean_post_title_bg_image_repeat":"","ocean_post_title_bg_image_size":"","ocean_post_title_height":0,"ocean_post_title_bg_overlay":0.5,"ocean_post_title_bg_overlay_color":"","ocean_disable_breadcrumbs":"default","ocean_breadcrumbs_color":"","ocean_breadcrumbs_separator_color":"","ocean_breadcrumbs_links_color":"","ocean_breadcrumbs_links_hover_color":"","ocean_display_footer_widgets":"default","ocean_display_footer_bottom":"default","ocean_custom_footer_template":"","footnotes":""},"class_list":["post-628","page","type-page","status-publish","hentry","entry"],"_links":{"self":[{"href":"https:\/\/architecturepaysage.education\/index.php\/wp-json\/wp\/v2\/pages\/628","targetHints":{"allow":["GET"]}}],"collection":[{"href":"https:\/\/architecturepaysage.education\/index.php\/wp-json\/wp\/v2\/pages"}],"about":[{"href":"https:\/\/architecturepaysage.education\/index.php\/wp-json\/wp\/v2\/types\/page"}],"author":[{"embeddable":true,"href":"https:\/\/architecturepaysage.education\/index.php\/wp-json\/wp\/v2\/users\/1"}],"replies":[{"embeddable":true,"href":"https:\/\/architecturepaysage.education\/index.php\/wp-json\/wp\/v2\/comments?post=628"}],"version-history":[{"count":47,"href":"https:\/\/architecturepaysage.education\/index.php\/wp-json\/wp\/v2\/pages\/628\/revisions"}],"predecessor-version":[{"id":694,"href":"https:\/\/architecturepaysage.education\/index.php\/wp-json\/wp\/v2\/pages\/628\/revisions\/694"}],"wp:attachment":[{"href":"https:\/\/architecturepaysage.education\/index.php\/wp-json\/wp\/v2\/media?parent=628"}],"curies":[{"name":"wp","href":"https:\/\/api.w.org\/{rel}","templated":true}]}}